{"id":719,"date":"2025-06-02T17:44:48","date_gmt":"2025-06-02T17:44:48","guid":{"rendered":"https:\/\/leonieharsch.de\/?page_id=719"},"modified":"2025-07-07T18:36:51","modified_gmt":"2025-07-07T18:36:51","slug":"neighbourhood","status":"publish","type":"page","link":"https:\/\/multilingual-conflict-resolution.org\/de\/neighbourhood\/","title":{"rendered":"Nachbarschaft"},"content":{"rendered":"<div class=\"wp-block-columns alignfull animated fadeIn is-layout-flex wp-container-core-columns-is-layout-9e6f0896 wp-block-columns-is-layout-flex\" style=\"padding-top:var(--wp--preset--spacing--50);padding-right:5%;padding-bottom:var(--wp--preset--spacing--50);padding-left:5%\">\n<div class=\"wp-block-column is-layout-flow wp-block-column-is-layout-flow\" style=\"flex-basis:66.66%\">\n<h3 class=\"wp-block-heading alignfull translation-block\">Mit (neuen) Nachbar:innen leben: Konfliktmoderation zwischen gefl\u00fcchteten Menschen und Aufnahmegemeinschaften<\/h3>\n<\/div>\n<\/div>\n\n\n\n<div class=\"wp-block-columns alignfull are-vertically-aligned-top animated fadeIn is-layout-flex wp-container-core-columns-is-layout-09cc350f wp-block-columns-is-layout-flex\" style=\"padding-top:var(--wp--preset--spacing--60);padding-right:5%;padding-bottom:var(--wp--preset--spacing--60);padding-left:5%\">\n<div class=\"wp-block-column is-vertically-aligned-top is-layout-flow wp-block-column-is-layout-flow\" style=\"flex-basis:28%\"><\/div>\n\n\n\n<div class=\"wp-block-column is-vertically-aligned-top is-layout-flow wp-block-column-is-layout-flow\" style=\"flex-basis:50%\">\n<p class=\"has-medium-font-size\">In den folgenden Situationen kann ich Sie unterst\u00fctzen:<\/p>\n\n\n\n<ul class=\"wp-block-list\">\n<li class=\"has-medium-font-size translation-block\"><strong>Nachbarschaftsmediation<\/strong>: F\u00fcr Menschen, die in oder in der N\u00e4he von Unterk\u00fcnften f\u00fcr gefl\u00fcchtete Menschen leben und Konflikte oder Missverst\u00e4ndnisse kl\u00e4ren wollen, und die sich dar\u00fcber verst\u00e4ndigen m\u00f6chten, was gute Nachbarschaft f\u00fcr sie bedeutet.<\/li>\n<\/ul>\n\n\n\n<p><\/p>\n\n\n\n<ul class=\"wp-block-list\">\n<li class=\"has-medium-font-size translation-block\"><strong>Dialogmoderation<\/strong>: F\u00fcr kommunale Akteure und Gemeinden, die Unterst\u00fctzung bei einem konstruktiven und l\u00f6sungsorientierten Dialog zwischen B\u00fcrgerinitiativen, Anwohner:innen, Bewohner:innen von Unterk\u00fcnften f\u00fcr gefl\u00fcchtete Menschen und weiteren Akteuren im Kontext der Aufnahme gefl\u00fcchteter Menschen suchen.<\/li>\n<\/ul>\n\n\n\n<ul class=\"wp-block-list\">\n<li class=\"has-medium-font-size translation-block\"><strong>Moderiertes Gruppengespr\u00e4ch<\/strong>: F\u00fcr Mitarbeitende, Freiwillige und Teilnehmende von Projekten zur Unterst\u00fctzung gefl\u00fcchteter Menschen, die Differenzen innerhalb einer Gruppe kl\u00e4ren wollen.<\/li>\n<\/ul>\n\n\n\n<p class=\"has-medium-font-size\">Kontaktieren Sie mich gerne f\u00fcr weitere Informationen oder ein kostenloses und unverbindliches halbst\u00fcndiges Beratungsgespr\u00e4ch, um zu besprechen, wie ich Sie unterst\u00fctzen kann.<\/p>\n\n\n\n<div class=\"wp-block-buttons is-layout-flex wp-block-buttons-is-layout-flex\">\n<div class=\"wp-block-button\"><a class=\"wp-block-button__link has-ast-global-color-3-background-color has-background has-medium-font-size has-custom-font-size wp-element-button\" href=\"mailto:conflict.resolution@posteo.org\" target=\"_blank\" rel=\"noreferrer noopener\">Unverbindliches Erstgespr\u00e4ch<\/a><\/div>\n<\/div>\n<\/div>\n<\/div>\n\n\n\n<p><\/p>","protected":false},"excerpt":{"rendered":"<p>Living with (new) neighbours: refugee\/host community conflict resolution services I can support you in the following circumstances: Please feel welcome [&hellip;]<\/p>\n","protected":false},"author":1,"featured_media":0,"parent":0,"menu_order":0,"comment_status":"closed","ping_status":"closed","template":"","meta":{"site-sidebar-layout":"default","site-content-layout":"","ast-site-content-layout":"default","site-content-style":"default","site-sidebar-style":"default","ast-global-header-display":"","ast-banner-title-visibility":"","ast-main-header-display":"","ast-hfb-above-header-display":"","ast-hfb-below-header-display":"","ast-hfb-mobile-header-display":"","site-post-title":"disabled","ast-breadcrumbs-content":"","ast-featured-img":"","footer-sml-layout":"","ast-disable-related-posts":"","theme-transparent-header-meta":"","adv-header-id-meta":"","stick-header-meta":"","header-above-stick-meta":"","header-main-stick-meta":"","header-below-stick-meta":"","astra-migrate-meta-layouts":"default","ast-page-background-enabled":"default","ast-page-background-meta":{"desktop":{"background-color":"var(--ast-global-color-5)","background-image":"","background-repeat":"repeat","background-position":"center center","background-size":"auto","background-attachment":"scroll","background-type":"","background-media":"","overlay-type":"","overlay-color":"","overlay-opacity":"","overlay-gradient":""},"tablet":{"background-color":"","background-image":"","background-repeat":"repeat","background-position":"center center","background-size":"auto","background-attachment":"scroll","background-type":"","background-media":"","overlay-type":"","overlay-color":"","overlay-opacity":"","overlay-gradient":""},"mobile":{"background-color":"","background-image":"","background-repeat":"repeat","background-position":"center center","background-size":"auto","background-attachment":"scroll","background-type":"","background-media":"","overlay-type":"","overlay-color":"","overlay-opacity":"","overlay-gradient":""}},"ast-content-background-meta":{"desktop":{"background-color":"var(--ast-global-color-4)","background-image":"","background-repeat":"repeat","background-position":"center center","background-size":"auto","background-attachment":"scroll","background-type":"","background-media":"","overlay-type":"","overlay-color":"","overlay-opacity":"","overlay-gradient":""},"tablet":{"background-color":"var(--ast-global-color-4)","background-image":"","background-repeat":"repeat","background-position":"center center","background-size":"auto","background-attachment":"scroll","background-type":"","background-media":"","overlay-type":"","overlay-color":"","overlay-opacity":"","overlay-gradient":""},"mobile":{"background-color":"var(--ast-global-color-4)","background-image":"","background-repeat":"repeat","background-position":"center center","background-size":"auto","background-attachment":"scroll","background-type":"","background-media":"","overlay-type":"","overlay-color":"","overlay-opacity":"","overlay-gradient":""}},"_themeisle_gutenberg_block_has_review":false,"footnotes":""},"class_list":["post-719","page","type-page","status-publish","hentry"],"_links":{"self":[{"href":"https:\/\/multilingual-conflict-resolution.org\/de\/wp-json\/wp\/v2\/pages\/719","targetHints":{"allow":["GET"]}}],"collection":[{"href":"https:\/\/multilingual-conflict-resolution.org\/de\/wp-json\/wp\/v2\/pages"}],"about":[{"href":"https:\/\/multilingual-conflict-resolution.org\/de\/wp-json\/wp\/v2\/types\/page"}],"author":[{"embeddable":true,"href":"https:\/\/multilingual-conflict-resolution.org\/de\/wp-json\/wp\/v2\/users\/1"}],"replies":[{"embeddable":true,"href":"https:\/\/multilingual-conflict-resolution.org\/de\/wp-json\/wp\/v2\/comments?post=719"}],"version-history":[{"count":41,"href":"https:\/\/multilingual-conflict-resolution.org\/de\/wp-json\/wp\/v2\/pages\/719\/revisions"}],"predecessor-version":[{"id":1660,"href":"https:\/\/multilingual-conflict-resolution.org\/de\/wp-json\/wp\/v2\/pages\/719\/revisions\/1660"}],"wp:attachment":[{"href":"https:\/\/multilingual-conflict-resolution.org\/de\/wp-json\/wp\/v2\/media?parent=719"}],"curies":[{"name":"wp","href":"https:\/\/api.w.org\/{rel}","templated":true}]}}