{"id":106,"date":"2023-11-01T11:08:39","date_gmt":"2023-11-01T11:08:39","guid":{"rendered":"http:\/\/leonieharsch.de\/?page_id=106"},"modified":"2025-07-07T18:28:53","modified_gmt":"2025-07-07T18:28:53","slug":"impressum","status":"publish","type":"page","link":"http:\/\/multilingual-conflict-resolution.org\/en\/impressum\/","title":{"rendered":"Impressum"},"content":{"rendered":"\n<p><\/p>\n\n\n\n<p><\/p>\n\n\n\n<h3 class=\"wp-block-heading\">Impressum<\/h3>\n\n\n\n<p><strong>Angaben gem\u00e4\u00df \u00a7 5 DDG<\/strong>:<\/p>\n\n\n\n<p>Leonie Harsch<\/p>\n\n\n\n<p>Zertifizierte Mediatorin gem\u00e4\u00df der Verordnung \u00fcber die Aus- und Fortbildung von zertifizierten Mediatoren (ZMediatAusbV)<\/p>\n\n\n\n<p>Anschrift: c\/o Edition Orient, Muskauer Stra\u00dfe 4, 10997 Berlin<\/p>\n\n\n\n<p>Telefon: +49 177 76 06 608<\/p>\n\n\n\n<p>Kontakt: <a href=\"mailto:conflict.resolution@posteo.org\" target=\"_blank\" rel=\"noreferrer noopener\">conflict.resolution (at) posteo.org<\/a><\/p>\n\n\n\n<p><strong>EU-Streitschlichtung:<\/strong> Die Europ\u00e4ische Kommission stellt eine Plattform zur Online-Streitbeilegung (OS) bereit: <a href=\"https:\/\/ec.europa.eu\/consumers\/odr\/\" target=\"_blank\" rel=\"noreferrer noopener\">https:\/\/ec.europa.eu\/consumers\/odr\/<\/a>. <br>Unsere E-Mail-Adresse finden Sie oben im Impressum.<\/p>\n\n\n\n<p><strong>Verbraucherstreitbeilegung\/Universalschlichtungsstelle: <\/strong>Wir sind nicht bereit oder verpflichtet, an Streitbeilegungsverfahren vor einer Verbraucherschlichtungsstelle teilzunehmen.<\/p>\n\n\n\n<p><strong>Fotos: <\/strong>David Ausserhofer | Stiftung Mercator <\/p>\n\n\n\n<p>Zuletzt aktualisiert am 11.06.2025.<\/p>\n\n\n\n<p><\/p>\n\n\n\n<p><\/p>\n\n\n\n<p><\/p>\n","protected":false},"excerpt":{"rendered":"<p>Impressum Angaben gem\u00e4\u00df \u00a7 5 DDG: Leonie Harsch Zertifizierte Mediatorin gem\u00e4\u00df der Verordnung \u00fcber die Aus- und Fortbildung von zertifizierten [&hellip;]<\/p>\n","protected":false},"author":1,"featured_media":0,"parent":0,"menu_order":0,"comment_status":"closed","ping_status":"closed","template":"","meta":{"site-sidebar-layout":"default","site-content-layout":"","ast-site-content-layout":"","site-content-style":"default","site-sidebar-style":"default","ast-global-header-display":"","ast-banner-title-visibility":"","ast-main-header-display":"","ast-hfb-above-header-display":"","ast-hfb-below-header-display":"","ast-hfb-mobile-header-display":"","site-post-title":"disabled","ast-breadcrumbs-content":"","ast-featured-img":"","footer-sml-layout":"","ast-disable-related-posts":"","theme-transparent-header-meta":"","adv-header-id-meta":"","stick-header-meta":"","header-above-stick-meta":"","header-main-stick-meta":"","header-below-stick-meta":"","astra-migrate-meta-layouts":"default","ast-page-background-enabled":"default","ast-page-background-meta":{"desktop":{"background-color":"var(--ast-global-color-5)","background-image":"","background-repeat":"repeat","background-position":"center center","background-size":"auto","background-attachment":"scroll","background-type":"","background-media":"","overlay-type":"","overlay-color":"","overlay-opacity":"","overlay-gradient":""},"tablet":{"background-color":"","background-image":"","background-repeat":"repeat","background-position":"center center","background-size":"auto","background-attachment":"scroll","background-type":"","background-media":"","overlay-type":"","overlay-color":"","overlay-opacity":"","overlay-gradient":""},"mobile":{"background-color":"","background-image":"","background-repeat":"repeat","background-position":"center center","background-size":"auto","background-attachment":"scroll","background-type":"","background-media":"","overlay-type":"","overlay-color":"","overlay-opacity":"","overlay-gradient":""}},"ast-content-background-meta":{"desktop":{"background-color":"var(--ast-global-color-4)","background-image":"","background-repeat":"repeat","background-position":"center center","background-size":"auto","background-attachment":"scroll","background-type":"","background-media":"","overlay-type":"","overlay-color":"","overlay-opacity":"","overlay-gradient":""},"tablet":{"background-color":"var(--ast-global-color-4)","background-image":"","background-repeat":"repeat","background-position":"center center","background-size":"auto","background-attachment":"scroll","background-type":"","background-media":"","overlay-type":"","overlay-color":"","overlay-opacity":"","overlay-gradient":""},"mobile":{"background-color":"var(--ast-global-color-4)","background-image":"","background-repeat":"repeat","background-position":"center center","background-size":"auto","background-attachment":"scroll","background-type":"","background-media":"","overlay-type":"","overlay-color":"","overlay-opacity":"","overlay-gradient":""}},"_themeisle_gutenberg_block_has_review":false,"footnotes":""},"class_list":["post-106","page","type-page","status-publish","hentry"],"_links":{"self":[{"href":"http:\/\/multilingual-conflict-resolution.org\/en\/wp-json\/wp\/v2\/pages\/106","targetHints":{"allow":["GET"]}}],"collection":[{"href":"http:\/\/multilingual-conflict-resolution.org\/en\/wp-json\/wp\/v2\/pages"}],"about":[{"href":"http:\/\/multilingual-conflict-resolution.org\/en\/wp-json\/wp\/v2\/types\/page"}],"author":[{"embeddable":true,"href":"http:\/\/multilingual-conflict-resolution.org\/en\/wp-json\/wp\/v2\/users\/1"}],"replies":[{"embeddable":true,"href":"http:\/\/multilingual-conflict-resolution.org\/en\/wp-json\/wp\/v2\/comments?post=106"}],"version-history":[{"count":17,"href":"http:\/\/multilingual-conflict-resolution.org\/en\/wp-json\/wp\/v2\/pages\/106\/revisions"}],"predecessor-version":[{"id":1655,"href":"http:\/\/multilingual-conflict-resolution.org\/en\/wp-json\/wp\/v2\/pages\/106\/revisions\/1655"}],"wp:attachment":[{"href":"http:\/\/multilingual-conflict-resolution.org\/en\/wp-json\/wp\/v2\/media?parent=106"}],"curies":[{"name":"wp","href":"https:\/\/api.w.org\/{rel}","templated":true}]}}