{"id":758,"date":"2025-06-02T18:34:11","date_gmt":"2025-06-02T18:34:11","guid":{"rendered":"https:\/\/leonieharsch.de\/?page_id=758"},"modified":"2025-12-21T11:15:28","modified_gmt":"2025-12-21T11:15:28","slug":"multilingual-conflict-resolution","status":"publish","type":"page","link":"http:\/\/multilingual-conflict-resolution.org\/de\/","title":{"rendered":"Willkommen"},"content":{"rendered":"<div class=\"wp-block-columns alignfull animated fadeIn is-layout-flex wp-container-core-columns-is-layout-df8d62e5 wp-block-columns-is-layout-flex\" style=\"margin-top:var(--wp--preset--spacing--50);margin-bottom:var(--wp--preset--spacing--50);padding-top:0;padding-right:5%;padding-bottom:0;padding-left:5%\">\n<div class=\"wp-block-column is-vertically-aligned-center is-layout-flow wp-container-core-column-is-layout-5dafc681 wp-block-column-is-layout-flow\" style=\"flex-basis:66.66%\">\n<h3 class=\"wp-block-heading\"><strong>Konfliktbeilegung f\u00fcr internationale<br>Familien, Teams und Nachbarschaften<\/strong><\/h3>\n\n\n\n<h4 class=\"wp-block-heading\"><strong>auf Englisch, Deutsch, Franz\u00f6sisch und Arabisch<\/strong><\/h4>\n<\/div>\n<\/div>\n\n\n\n<div class=\"wp-block-columns alignfull animated fadeIn has-small-font-size is-layout-flex wp-container-core-columns-is-layout-b97d03f6 wp-block-columns-is-layout-flex\" style=\"border-style:none;border-width:0px;border-radius:0px;margin-top:var(--wp--preset--spacing--60);margin-bottom:var(--wp--preset--spacing--60);padding-top:0;padding-right:5%;padding-bottom:0;padding-left:5%\">\n<div class=\"wp-block-column is-vertically-aligned-top is-layout-flow wp-block-column-is-layout-flow\" style=\"flex-basis:28%\">\n<h3 class=\"wp-block-heading\">Willkommen<\/h3>\n<\/div>\n\n\n\n<div class=\"wp-block-column is-vertically-aligned-center is-layout-flow wp-block-column-is-layout-flow\" style=\"flex-basis:50%\">\n<p class=\"has-text-align-left translation-block\" style=\"margin-top:0;margin-right:0;margin-bottom:0;margin-left:0;font-size:20px\">Konflikte sind ein normaler Bestandteil des t\u00e4glichen Lebens, k\u00f6nnen aber besonders herausfordernd zu bew\u00e4ltigen sein, wenn sie in der Familie, am Arbeitsplatz oder in der Nachbarschaft auftreten. In schwierigen Situationen, in denen Sie sich gestresst oder frustriert f\u00fchlen, kann es hilfreich sein, eine <strong>professionelle und neutrale dritte Partei hinzuzuziehen, die das Gespr\u00e4ch moderiert<\/strong>. So k\u00f6nnen Sie und die anderen Beteiligten sich darauf konzentrieren, Klarheit \u00fcber Ihre Ziele und Optionen f\u00fcr die Zukunft zu gewinnen und <strong>eine f\u00fcr beide Seiten akzeptable Vereinbarung auszuhandeln, die Sie voranbringt<\/strong>. Das gilt insbesondere, wenn unterschiedliche Sprachen und kulturelle Normen im Spiel sind: \u201e\u00dcbersetzung\u201c \u2013 im w\u00f6rtlichen und \u00fcbertragenen Sinne \u2013 kann der Schl\u00fcssel zum gegenseitigen Verst\u00e4ndnis sein.<\/p>\n\n\n\n<p><\/p>\n\n\n\n<p class=\"has-medium-font-size translation-block\" style=\"margin-top:0;margin-right:5px;margin-bottom:0;margin-left:5px\">Als <strong>mehrsprachige zertifizierte Mediatorin<\/strong> kann ich Sie bei der Beilegung von Konflikten unterst\u00fctzen \u2013 durch Struktur, Klarheit und einen sicheren, fairen und vertraulichen Rahmen zur Besprechung des Konflikts und m\u00f6glicher L\u00f6sungen.<\/p>\n\n\n\n<figure class=\"wp-block-image size-large\" id=\"wp-block-themeisle-blocks-image-601447bd\"><img loading=\"lazy\" decoding=\"async\" width=\"1024\" height=\"588\" src=\"https:\/\/multilingual-conflict-resolution.org\/wp-content\/uploads\/2025\/06\/portraet-logo-1024x588.png\" alt=\"\" class=\"wp-image-1287\" srcset=\"https:\/\/multilingual-conflict-resolution.org\/wp-content\/uploads\/2025\/06\/portraet-logo-1024x588.png 1024w, https:\/\/multilingual-conflict-resolution.org\/wp-content\/uploads\/2025\/06\/portraet-logo-300x172.png 300w, https:\/\/multilingual-conflict-resolution.org\/wp-content\/uploads\/2025\/06\/portraet-logo-768x441.png 768w, https:\/\/multilingual-conflict-resolution.org\/wp-content\/uploads\/2025\/06\/portraet-logo-18x10.png 18w, https:\/\/multilingual-conflict-resolution.org\/wp-content\/uploads\/2025\/06\/portraet-logo.png 1342w\" sizes=\"auto, (max-width: 1024px) 100vw, 1024px\" \/><\/figure>\n\n\n\n<p class=\"has-medium-font-size\" style=\"margin-right:0;margin-left:0\">F\u00fcr eine unverbindliche Beratung dar\u00fcber, wie ich Sie unterst\u00fctzen kann, kontaktieren Sie mich gerne.<\/p>\n\n\n\n<div class=\"wp-block-buttons is-content-justification-left is-layout-flex wp-container-core-buttons-is-layout-e692361a wp-block-buttons-is-layout-flex\" style=\"padding-top:0;padding-bottom:0\">\n<div class=\"wp-block-button\"><a class=\"wp-block-button__link has-ast-global-color-3-background-color has-background has-medium-font-size has-custom-font-size wp-element-button\" href=\"mailto:conflict.resolution@posteo.org\" target=\"_blank\" rel=\"noreferrer noopener\">Unverbindliches Erstgespr\u00e4ch<\/a><\/div>\n<\/div>\n<\/div>\n<\/div>\n\n\n\n<div class=\"wp-block-columns alignfull animated fadeIn has-ast-global-color-5-background-color has-background is-layout-flex wp-container-core-columns-is-layout-7c74ad9e wp-block-columns-is-layout-flex\" style=\"margin-top:0;margin-bottom:0;padding-right:5%;padding-left:5%\">\n<div class=\"wp-block-column is-layout-flow wp-block-column-is-layout-flow\" style=\"flex-basis:28%\">\n<h3 class=\"wp-block-heading\">\u00dcber Mediation<\/h3>\n\n\n\n<ul class=\"wp-block-list has-medium-font-size\">\n<li><strong>selbstbestimmt<\/strong><\/li>\n<\/ul>\n\n\n\n<ul class=\"wp-block-list has-medium-font-size\">\n<li><strong>unparteiisch<\/strong><\/li>\n<\/ul>\n\n\n\n<ul class=\"wp-block-list has-medium-font-size\">\n<li class=\"has-medium-font-size\"><strong>unabh\u00e4ngig<\/strong><\/li>\n<\/ul>\n\n\n\n<ul class=\"wp-block-list has-medium-font-size\">\n<li><strong>vertraulich<\/strong><\/li>\n<\/ul>\n\n\n\n<ul class=\"wp-block-list has-medium-font-size\">\n<li><strong>informiert<\/strong><\/li>\n<\/ul>\n\n\n\n<ul class=\"wp-block-list has-medium-font-size\">\n<li><strong>freiwillig<\/strong><\/li>\n<\/ul>\n<\/div>\n\n\n\n<div class=\"wp-block-column is-layout-flow wp-block-column-is-layout-flow\" style=\"flex-basis:50%\">\n<p class=\"has-medium-font-size translation-block\">Mediation ist eine <strong>Methode zur Konfliktbeilegung<\/strong>, die Konfliktparteien dabei unterst\u00fctzt, selbstbestimmt passende L\u00f6sungen zu erarbeiten.<\/p>\n\n\n\n<p class=\"has-medium-font-size translation-block\">Als neutrale und allparteiliche Mediatorin strukturiere ich das Verfahren und unterst\u00fctze alle Parteien gleicherma\u00dfen darin, eine <strong>faire Verhandlung<\/strong> zu f\u00fchren. Ziel ist eine einvernehmliche und tragf\u00e4hige Einigung.<\/p>\n\n\n\n<p class=\"has-medium-font-size translation-block\">Durch die Fokussierung auf die Bed\u00fcrfnisse der Parteien, ihre gemeinsamen Interessen und <strong>L\u00f6sungen f\u00fcr die Zukunft<\/strong> kann Mediation neue Perspektiven auf die Situation erm\u00f6glichen und die Parteien dabei unterst\u00fctzen, sich konstruktiv mit ihren Differenzen auseinanderzusetzen.<\/p>\n\n\n\n<p class=\"has-medium-font-size translation-block\">Die Rolle des Mediators bzw. der Mediatorin besteht darin, diesen Dialog zu moderieren, sodass die Konfliktparteien in einem <strong>sicheren und vertraulichen Rahmen<\/strong> miteinander sprechen k\u00f6nnen. In komplexeren F\u00e4llen oder wenn ein ausgewogenes Geschlechterverh\u00e4ltnis ratsam ist, leite ich Co-Mediationen in Zusammenarbeit mit einem qualifizierten Kollegen.<\/p>\n\n\n\n<p class=\"has-medium-font-size translation-block\">Die Teilnahme an einer Mediation ist <strong>freiwillig<\/strong>. Sie schlie\u00dft nicht aus, dass der Konflikt in Zukunft gerichtlich beigelegt wird. Allerdings erkl\u00e4ren sich die Parteien h\u00e4ufig bereit, rechtliche Verfahren f\u00fcr die Dauer der Mediation ruhen zu lassen, und die in der Mediation besprochenen Inhalte werden nicht an das Gericht weitergegeben. Wenn die zu kl\u00e4renden Fragen eine rechtliche Dimension haben, wird den Parteien empfohlen, vor Abschluss der Vereinbarung unabh\u00e4ngige Rechtsberatung durch Anw\u00e4lt:innen einzuholen.<\/p>\n<\/div>\n<\/div>\n\n\n\n<div class=\"wp-block-columns alignfull animated fadeIn is-layout-flex wp-container-core-columns-is-layout-62bfccad wp-block-columns-is-layout-flex\" style=\"padding-top:var(--wp--preset--spacing--60);padding-right:5%;padding-bottom:var(--wp--preset--spacing--60);padding-left:5%\">\n<div class=\"wp-block-column is-layout-flow wp-block-column-is-layout-flow\" style=\"flex-basis:28%\">\n<h3 class=\"wp-block-heading\">Angebot<\/h3>\n<\/div>\n\n\n\n<div class=\"wp-block-column is-layout-flow wp-block-column-is-layout-flow\" style=\"flex-basis:50%\">\n<div id=\"wp-block-themeisle-blocks-advanced-columns-d5c4e463\" class=\"wp-block-themeisle-blocks-advanced-columns has-3-columns has-desktop-equal-layout has-tablet-equal-layout has-mobile-collapsedRows-layout has-vertical-unset\"><div class=\"wp-block-themeisle-blocks-advanced-columns-overlay\"><\/div><div class=\"innerblocks-wrap\">\n<div id=\"wp-block-themeisle-blocks-advanced-column-46c1e635\" class=\"wp-block-themeisle-blocks-advanced-column has-light-bg\">\n<h3 class=\"wp-block-heading has-text-align-center\"><a href=\"https:\/\/multilingual-conflict-resolution.org\/de\/family\/\">Familie<\/a><br><br><\/h3>\n\n\n\n<div class=\"wp-block-buttons is-content-justification-center is-layout-flex wp-container-core-buttons-is-layout-a89b3969 wp-block-buttons-is-layout-flex\">\n<div class=\"wp-block-button\"><a class=\"wp-block-button__link has-ast-global-color-3-background-color has-background has-medium-font-size has-custom-font-size wp-element-button\" href=\"https:\/\/multilingual-conflict-resolution.org\/de\/family\/\">Mehr erfahren<\/a><\/div>\n<\/div>\n<\/div>\n\n\n\n<div id=\"wp-block-themeisle-blocks-advanced-column-659e1f71\" class=\"wp-block-themeisle-blocks-advanced-column has-light-bg\">\n<h3 class=\"wp-block-heading has-text-align-center\"><a href=\"https:\/\/multilingual-conflict-resolution.org\/de\/workplace\/\">Arbeitsplatz<\/a><br><br><\/h3>\n\n\n\n<div class=\"wp-block-buttons is-content-justification-center is-layout-flex wp-container-core-buttons-is-layout-a89b3969 wp-block-buttons-is-layout-flex\">\n<div class=\"wp-block-button\"><a class=\"wp-block-button__link has-ast-global-color-3-background-color has-background has-medium-font-size has-custom-font-size wp-element-button\" href=\"https:\/\/multilingual-conflict-resolution.org\/de\/workplace\/\">Mehr erfahren<\/a><\/div>\n<\/div>\n<\/div>\n\n\n\n<div id=\"wp-block-themeisle-blocks-advanced-column-3a8295c8\" class=\"wp-block-themeisle-blocks-advanced-column has-light-bg\">\n<h3 class=\"wp-block-heading has-text-align-center\"><a href=\"https:\/\/multilingual-conflict-resolution.org\/de\/neighbourhood\/\">Nachbar-<\/a><br><a href=\"https:\/\/multilingual-conflict-resolution.org\/de\/neighbourhood\/\">schaft<\/a><a href=\"http:\/\/leonieharsch.de\/neighbourhood\/\"><\/a><\/h3>\n\n\n\n<p class=\"has-text-align-center\"><\/p>\n\n\n\n<div class=\"wp-block-buttons is-content-justification-center is-layout-flex wp-container-core-buttons-is-layout-a89b3969 wp-block-buttons-is-layout-flex\">\n<div class=\"wp-block-button is-style-fill\"><a class=\"wp-block-button__link has-ast-global-color-3-background-color has-background has-medium-font-size has-custom-font-size wp-element-button\" href=\"https:\/\/multilingual-conflict-resolution.org\/de\/neighbourhood\/\">Mehr erfahren<\/a><\/div>\n<\/div>\n<\/div>\n<\/div><\/div>\n\n\n\n<p class=\"has-medium-font-size translation-block\"><strong>Der erste Schritt<\/strong> ist ein Treffen mit allen Beteiligten, bei dem wir Ihre Fragen zum Verfahren besprechen.<\/p>\n\n\n\n<p class=\"has-medium-font-size\">Wenn wir dann entscheiden, zusammenzuarbeiten, h\u00e4ngen Anzahl und H\u00e4ufigkeit der erforderlichen Treffen von der Komplexit\u00e4t des Falles ab und werden in Absprache mit allen Beteiligten festgelegt. Sie werden an Ihre individuellen Bed\u00fcrfnisse angepasst.<\/p>\n\n\n\n<ul class=\"wp-block-list\">\n<li class=\"has-medium-font-size\">Jedes Treffen dauert etwa 90 Minuten.<\/li>\n\n\n\n<li class=\"has-medium-font-size\">F\u00fcr Gruppen k\u00f6nnen halbt\u00e4gige Treffen hilfreich sein.<\/li>\n\n\n\n<li class=\"has-medium-font-size\">In dringenden F\u00e4llen oder wenn Sie ein kompakteres Format bevorzugen, k\u00f6nnen wir auch \u00fcber ein Wochenende intensiv zusammenarbeiten.<\/li>\n<\/ul>\n\n\n\n<p class=\"has-medium-font-size translation-block\">Treffen sind derzeit <strong>online<\/strong> m\u00f6glich. F\u00fcr <strong>pers\u00f6nliche<\/strong> Treffen in Deutschland oder an anderen internationalen Orten kontaktieren Sie mich gerne.<\/p>\n<\/div>\n<\/div>\n\n\n\n<div class=\"wp-block-columns alignfull animated fadeIn has-ast-global-color-5-background-color has-background is-layout-flex wp-container-core-columns-is-layout-a9d98ab9 wp-block-columns-is-layout-flex\" style=\"padding-right:5%;padding-left:5%\">\n<div class=\"wp-block-column is-layout-flow wp-block-column-is-layout-flow\" style=\"flex-basis:28%\">\n<h3 class=\"wp-block-heading\">Mehrsprachiges Angebot<\/h3>\n\n\n\n<ul class=\"wp-block-list has-medium-font-size\">\n<li><strong>Englisch<\/strong><\/li>\n<\/ul>\n\n\n\n<ul class=\"wp-block-list has-medium-font-size\">\n<li><strong>Deutsch<\/strong><\/li>\n<\/ul>\n\n\n\n<ul class=\"wp-block-list has-medium-font-size\">\n<li><strong>Franz\u00f6sisch<\/strong><\/li>\n<\/ul>\n\n\n\n<ul class=\"wp-block-list has-medium-font-size\">\n<li><strong>Arabisch (modernes Hocharabisch<\/strong><br><strong>&amp; levantinischer Dialekt)<\/strong><\/li>\n<\/ul>\n<\/div>\n\n\n\n<div class=\"wp-block-column is-layout-flow wp-block-column-is-layout-flow\" style=\"flex-basis:50%\">\n<p class=\"has-medium-font-size translation-block\">Meine Sprachkompetenz und internationale Erfahrung erm\u00f6glichen es mir, <strong>mehrsprachige Leistungen<\/strong> anzubieten und mit Klient:innen auf <strong>Deutsch, Englisch, Franz\u00f6sisch und Arabisch (modernes Hocharabisch und levantinischer Dialekt)<\/strong> zu arbeiten.<\/p>\n\n\n\n<p class=\"has-medium-font-size\">Das kann f\u00fcr Familien, Teams und Nachbar:innen verschiedener Nationalit\u00e4ten oder kultureller Hintergr\u00fcnde von besonderem Wert sein.  Beispielsweise k\u00f6nnte die gemeinsame Sprache in einer Familie oder am Arbeitsplatz Englisch sein, w\u00e4hrend die Erstsprache eines Elternteils oder Kollegen Arabisch und die des anderen Deutsch ist. In einem solchen Fall werden wir haupts\u00e4chlich auf Englisch zusammenarbeiten. Doch in Situationen, die von hohem Stress und Emotionalit\u00e4t gepr\u00e4gt sind und in denen es um wichtige Fragen geht, kann es f\u00fcr die Parteien beruhigend und entlastend sein zu wissen, dass sie sich auch in ihrer Muttersprache ausdr\u00fccken k\u00f6nnen und verstanden werden \u2013 ohne die zus\u00e4tzliche Ebene eine:r Dolmetscher:in.<\/p>\n<\/div>\n<\/div>\n\n\n\n<div class=\"wp-block-columns alignfull animated fadeIn is-layout-flex wp-container-core-columns-is-layout-09cc350f wp-block-columns-is-layout-flex\" style=\"padding-top:var(--wp--preset--spacing--60);padding-right:5%;padding-bottom:var(--wp--preset--spacing--60);padding-left:5%\">\n<div class=\"wp-block-column is-layout-flow wp-block-column-is-layout-flow\" style=\"flex-basis:28%\">\n<h3 class=\"wp-block-heading\" id=\"about-me\">\u00dcber mich<\/h3>\n\n\n\n<figure class=\"wp-block-image size-full is-resized\" id=\"wp-block-themeisle-blocks-image-9154d78b\"><a href=\"https:\/\/mikk-ev.org\" target=\"_blank\" rel=\"noopener\"><img loading=\"lazy\" decoding=\"async\" width=\"945\" height=\"945\" src=\"https:\/\/multilingual-conflict-resolution.org\/wp-content\/uploads\/2025\/06\/MiKK_Stamp_Print_8x8cm.png\" alt=\"\" class=\"wp-image-877\" style=\"width:215px;height:auto\" srcset=\"https:\/\/multilingual-conflict-resolution.org\/wp-content\/uploads\/2025\/06\/MiKK_Stamp_Print_8x8cm.png 945w, https:\/\/multilingual-conflict-resolution.org\/wp-content\/uploads\/2025\/06\/MiKK_Stamp_Print_8x8cm-300x300.png 300w, https:\/\/multilingual-conflict-resolution.org\/wp-content\/uploads\/2025\/06\/MiKK_Stamp_Print_8x8cm-150x150.png 150w, https:\/\/multilingual-conflict-resolution.org\/wp-content\/uploads\/2025\/06\/MiKK_Stamp_Print_8x8cm-768x768.png 768w\" sizes=\"auto, (max-width: 945px) 100vw, 945px\" \/><\/a><\/figure>\n\n\n\n<p><\/p>\n\n\n\n<p><\/p>\n\n\n\n<figure class=\"wp-block-image size-large is-resized\"><a href=\"https:\/\/www.bmev.de\/de\/\" target=\"_blank\" rel=\" noreferrer noopener\"><img loading=\"lazy\" decoding=\"async\" width=\"1024\" height=\"431\" src=\"https:\/\/multilingual-conflict-resolution.org\/wp-content\/uploads\/2025\/12\/FINAL_Logo_Mitglieder_BMEV_2025_12_RGB-1024x431.jpg\" alt=\"\" class=\"wp-image-1678\" style=\"width:221px;height:auto\" srcset=\"https:\/\/multilingual-conflict-resolution.org\/wp-content\/uploads\/2025\/12\/FINAL_Logo_Mitglieder_BMEV_2025_12_RGB-1024x431.jpg 1024w, https:\/\/multilingual-conflict-resolution.org\/wp-content\/uploads\/2025\/12\/FINAL_Logo_Mitglieder_BMEV_2025_12_RGB-300x126.jpg 300w, https:\/\/multilingual-conflict-resolution.org\/wp-content\/uploads\/2025\/12\/FINAL_Logo_Mitglieder_BMEV_2025_12_RGB-768x323.jpg 768w, https:\/\/multilingual-conflict-resolution.org\/wp-content\/uploads\/2025\/12\/FINAL_Logo_Mitglieder_BMEV_2025_12_RGB-1536x646.jpg 1536w, https:\/\/multilingual-conflict-resolution.org\/wp-content\/uploads\/2025\/12\/FINAL_Logo_Mitglieder_BMEV_2025_12_RGB-18x8.jpg 18w, https:\/\/multilingual-conflict-resolution.org\/wp-content\/uploads\/2025\/12\/FINAL_Logo_Mitglieder_BMEV_2025_12_RGB.jpg 1560w\" sizes=\"auto, (max-width: 1024px) 100vw, 1024px\" \/><\/a><\/figure>\n<\/div>\n\n\n\n<div class=\"wp-block-column is-layout-flow wp-block-column-is-layout-flow\" style=\"flex-basis:50%\">\n<ul class=\"wp-block-list\">\n<li class=\"has-medium-font-size translation-block\"><strong>Zertifizierte Mediatorin<\/strong>, qualifiziert gem\u00e4\u00df den gesetzlichen Bestimmungen in Deutschland, meinem Herkunftsland.<\/li>\n\n\n\n<li class=\"has-medium-font-size translation-block\"><strong>Grenz\u00fcberschreitende Familienmediatorin (Cross-Border Family Mediator)<\/strong>, ausgebildet und gelistet beim <a href=\"https:\/\/mikk-ev.org\/\" target=\"_blank\" rel=\"noreferrer noopener\">Internationalen Mediationszentrum f\u00fcr Familienkonflikte und Kindesentf\u00fchrung (MiKK e.V.)<\/a>.<\/li>\n\n\n\n<li class=\"has-medium-font-size translation-block\">Als Mitglied des <a href=\"https:\/\/www.bmev.de\" target=\"_blank\" rel=\"noreferrer noopener\">Bundesverbands Mediation (BM)<\/a> und der <a href=\"https:\/\/www.bafm-mediation.de\/\" target=\"_self\">Bundesarbeitsgemeinschaft f\u00fcr Familienmediation (BAFM)<\/a> bin ich deren professionellen und ethischen Standards verpflichtet.<\/li>\n<\/ul>\n\n\n\n<p class=\"has-medium-font-size translation-block\">Ich bin Leonie Harsch. Durch meinen <strong>beruflichen Hintergrund in der internationalen humanit\u00e4ren Arbeit<\/strong> und durch mein Studium habe ich mehr als sieben Jahre Erfahrung in arabischen L\u00e4ndern. Dar\u00fcber hinaus habe ich l\u00e4ngere Zeit in Frankreich, Gro\u00dfbritannien und im indischen Himalaya gelebt. Im Rahmen meiner Arbeit mit multinationalen humanit\u00e4ren Teams habe ich Gefangene in s\u00fcdirakischen Gef\u00e4ngnissen unterst\u00fctzt und mit Gef\u00e4ngnisbeh\u00f6rden verhandelt, und in Syrien dazu beigetragen, den Kontakt zwischen Familienmitgliedern, die durch Krieg und bewaffneten Konflikt getrennt wurden, wiederherzustellen. Bei Feldforschung in Deutschland und im Libanon habe ich eng mit gefl\u00fcchteten Menschen und lokalen Aufnahmegemeinschaften zusammengearbeitet. Diese Erfahrung sowie die Expertise, die ich durch meinen <strong>akademischen Hintergrund in Nahost- und Migrationsstudien (M.Sc., University of Oxford)<\/strong> erworben habe, erm\u00f6glichen es mir, Menschen und Teams beim Umgang mit Konflikten in von kultureller Diversit\u00e4t und hohem Stress gepr\u00e4gten Kontexten ma\u00dfgeschneiderte Unterst\u00fctzung zu bieten.<\/p>\n<\/div>\n<\/div>\n\n\n\n<div class=\"wp-block-columns alignfull animated fadeIn is-layout-flex wp-container-core-columns-is-layout-09cc350f wp-block-columns-is-layout-flex\" style=\"padding-top:var(--wp--preset--spacing--60);padding-right:5%;padding-bottom:var(--wp--preset--spacing--60);padding-left:5%\">\n<div class=\"wp-block-column is-layout-flow wp-block-column-is-layout-flow\" style=\"flex-basis:28%\">\n<h3 class=\"wp-block-heading\" id=\"contact-en\">Kontakt<\/h3>\n<\/div>\n\n\n\n<div class=\"wp-block-column is-layout-flow wp-block-column-is-layout-flow\" style=\"flex-basis:50%\">\n<p class=\"has-medium-font-size\">F\u00fcr Ihre Fragen und um zu besprechen, wie ich Sie oder Ihre Organisation unterst\u00fctzen kann, kontaktieren Sie mich gerne unter <a href=\"mailto:conflict.resolution@posteo.org\" target=\"_blank\" rel=\"noreferrer noopener\"><strong>conflict.resolution (at) posteo.org<\/strong> <\/a>f\u00fcr weitere Informationen oder ein halbst\u00fcndiges Erstgespr\u00e4ch \u2013 kostenlos, vertraulich und unverbindlich. Ich freue mich auf Ihre Nachricht.&nbsp;&nbsp;&nbsp;<\/p>\n<\/div>\n<\/div>\n\n\n\n<p style=\"border-style:none;border-width:0px;margin-top:0;margin-right:100%;margin-bottom:0;margin-left:100%;padding-top:0;padding-right:16%;padding-bottom:0;padding-left:16%\"><\/p>","protected":false},"excerpt":{"rendered":"<p>Conflict resolution for internationalfamilies, teams, and neighbours in English, German, French, and Arabic Welcome Conflicts are a normal part of [&hellip;]<\/p>\n","protected":false},"author":1,"featured_media":0,"parent":0,"menu_order":0,"comment_status":"closed","ping_status":"closed","template":"","meta":{"site-sidebar-layout":"default","site-content-layout":"","ast-site-content-layout":"default","site-content-style":"default","site-sidebar-style":"default","ast-global-header-display":"","ast-banner-title-visibility":"","ast-main-header-display":"","ast-hfb-above-header-display":"","ast-hfb-below-header-display":"","ast-hfb-mobile-header-display":"","site-post-title":"disabled","ast-breadcrumbs-content":"","ast-featured-img":"","footer-sml-layout":"","ast-disable-related-posts":"","theme-transparent-header-meta":"","adv-header-id-meta":"","stick-header-meta":"","header-above-stick-meta":"","header-main-stick-meta":"","header-below-stick-meta":"","astra-migrate-meta-layouts":"default","ast-page-background-enabled":"default","ast-page-background-meta":{"desktop":{"background-color":"var(--ast-global-color-5)","background-image":"","background-repeat":"repeat","background-position":"center center","background-size":"auto","background-attachment":"scroll","background-type":"","background-media":"","overlay-type":"","overlay-color":"","overlay-opacity":"","overlay-gradient":""},"tablet":{"background-color":"","background-image":"","background-repeat":"repeat","background-position":"center center","background-size":"auto","background-attachment":"scroll","background-type":"","background-media":"","overlay-type":"","overlay-color":"","overlay-opacity":"","overlay-gradient":""},"mobile":{"background-color":"","background-image":"","background-repeat":"repeat","background-position":"center center","background-size":"auto","background-attachment":"scroll","background-type":"","background-media":"","overlay-type":"","overlay-color":"","overlay-opacity":"","overlay-gradient":""}},"ast-content-background-meta":{"desktop":{"background-color":"var(--ast-global-color-4)","background-image":"","background-repeat":"repeat","background-position":"center center","background-size":"auto","background-attachment":"scroll","background-type":"","background-media":"","overlay-type":"","overlay-color":"","overlay-opacity":"","overlay-gradient":""},"tablet":{"background-color":"var(--ast-global-color-4)","background-image":"","background-repeat":"repeat","background-position":"center center","background-size":"auto","background-attachment":"scroll","background-type":"","background-media":"","overlay-type":"","overlay-color":"","overlay-opacity":"","overlay-gradient":""},"mobile":{"background-color":"var(--ast-global-color-4)","background-image":"","background-repeat":"repeat","background-position":"center center","background-size":"auto","background-attachment":"scroll","background-type":"","background-media":"","overlay-type":"","overlay-color":"","overlay-opacity":"","overlay-gradient":""}},"_themeisle_gutenberg_block_has_review":false,"footnotes":""},"class_list":["post-758","page","type-page","status-publish","hentry"],"_links":{"self":[{"href":"http:\/\/multilingual-conflict-resolution.org\/de\/wp-json\/wp\/v2\/pages\/758","targetHints":{"allow":["GET"]}}],"collection":[{"href":"http:\/\/multilingual-conflict-resolution.org\/de\/wp-json\/wp\/v2\/pages"}],"about":[{"href":"http:\/\/multilingual-conflict-resolution.org\/de\/wp-json\/wp\/v2\/types\/page"}],"author":[{"embeddable":true,"href":"http:\/\/multilingual-conflict-resolution.org\/de\/wp-json\/wp\/v2\/users\/1"}],"replies":[{"embeddable":true,"href":"http:\/\/multilingual-conflict-resolution.org\/de\/wp-json\/wp\/v2\/comments?post=758"}],"version-history":[{"count":414,"href":"http:\/\/multilingual-conflict-resolution.org\/de\/wp-json\/wp\/v2\/pages\/758\/revisions"}],"predecessor-version":[{"id":1686,"href":"http:\/\/multilingual-conflict-resolution.org\/de\/wp-json\/wp\/v2\/pages\/758\/revisions\/1686"}],"wp:attachment":[{"href":"http:\/\/multilingual-conflict-resolution.org\/de\/wp-json\/wp\/v2\/media?parent=758"}],"curies":[{"name":"wp","href":"https:\/\/api.w.org\/{rel}","templated":true}]}}