{"id":716,"date":"2025-06-02T17:44:39","date_gmt":"2025-06-02T17:44:39","guid":{"rendered":"https:\/\/leonieharsch.de\/?page_id=716"},"modified":"2025-07-07T18:36:22","modified_gmt":"2025-07-07T18:36:22","slug":"workplace","status":"publish","type":"page","link":"http:\/\/multilingual-conflict-resolution.org\/de\/workplace\/","title":{"rendered":"Arbeitsplatz"},"content":{"rendered":"<div class=\"wp-block-columns alignfull animated fadeIn is-layout-flex wp-container-core-columns-is-layout-9e6f0896 wp-block-columns-is-layout-flex\" style=\"padding-top:var(--wp--preset--spacing--50);padding-right:5%;padding-bottom:var(--wp--preset--spacing--50);padding-left:5%\">\n<div class=\"wp-block-column is-layout-flow wp-block-column-is-layout-flow\" style=\"flex-basis:66.66%\">\n<h3 class=\"wp-block-heading alignfull\">Konfliktmanagement am Arbeitsplatz<\/h3>\n<\/div>\n<\/div>\n\n\n\n<div class=\"wp-block-columns alignfull animated fadeIn is-layout-flex wp-container-core-columns-is-layout-a9d98ab9 wp-block-columns-is-layout-flex\" style=\"padding-right:5%;padding-left:5%\">\n<div class=\"wp-block-column is-layout-flow wp-block-column-is-layout-flow\" style=\"flex-basis:28%\"><\/div>\n\n\n\n<div class=\"wp-block-column is-layout-flow wp-block-column-is-layout-flow\" style=\"flex-basis:50%\">\n<p class=\"has-medium-font-size\">In den folgenden Situationen kann ich Sie unterst\u00fctzen:<\/p>\n\n\n\n<ul class=\"wp-block-list\">\n<li class=\"has-medium-font-size translation-block\"><strong>Moderiertes Gespr\u00e4ch<\/strong>: F\u00fcr Kolleg:innen, die bei einem schwierigen Gespr\u00e4ch mit anderen Teammitgliedern, F\u00fchrungskr\u00e4ften oder Mitarbeitenden Unterst\u00fctzung durch eine neutrale dritte Partei w\u00fcnschen.<\/li>\n<\/ul>\n\n\n\n<ul class=\"wp-block-list\">\n<li class=\"has-medium-font-size translation-block\"><strong>Moderiertes Gruppengespr\u00e4ch<\/strong>: F\u00fcr multinationale Teams, die konstruktiv und mit Klarheit \u00fcber ihre Rollen und ihre jeweiligen W\u00fcnsche und Anliegen zusammenarbeiten wollen \u2013 sei es in einer Situation der Uneinigkeit oder um eine starke Grundlage f\u00fcr die Teamarbeit zu schaffen.<\/li>\n<\/ul>\n\n\n\n<ul class=\"wp-block-list\">\n<li class=\"has-medium-font-size translation-block\"><strong>Wirtschaftsmediation<\/strong>: F\u00fcr Unternehmen und Organisationen, die Unterst\u00fctzung in einer Verhandlung oder bei der Beilegung von Differenzen mit Gesch\u00e4ftspartner:innen, Mitarbeiter:innen oder Kund:innen suchen, um eine effiziente und diskrete L\u00f6sung im besten Interesse aller Beteiligten zu erreichen.<\/li>\n<\/ul>\n\n\n\n<p class=\"has-medium-font-size\">Kontaktieren Sie mich gerne f\u00fcr weitere Informationen oder ein kostenloses und unverbindliches halbst\u00fcndiges Beratungsgespr\u00e4ch, um zu besprechen, wie ich Sie unterst\u00fctzen kann.<\/p>\n\n\n\n<div class=\"wp-block-buttons is-layout-flex wp-block-buttons-is-layout-flex\">\n<div class=\"wp-block-button\"><a class=\"wp-block-button__link has-medium-font-size has-custom-font-size wp-element-button\" href=\"mailto:conflict.resolution@posteo.org\" target=\"_blank\" rel=\"noreferrer noopener\">Unverbindliches Erstgespr\u00e4ch<\/a><\/div>\n<\/div>\n<\/div>\n<\/div>","protected":false},"excerpt":{"rendered":"<p>Workplace conflict resolution services I can support you in the following circumstances: Please feel welcome to get in touch for [&hellip;]<\/p>\n","protected":false},"author":1,"featured_media":0,"parent":0,"menu_order":0,"comment_status":"closed","ping_status":"closed","template":"","meta":{"site-sidebar-layout":"default","site-content-layout":"","ast-site-content-layout":"default","site-content-style":"default","site-sidebar-style":"default","ast-global-header-display":"","ast-banner-title-visibility":"","ast-main-header-display":"","ast-hfb-above-header-display":"","ast-hfb-below-header-display":"","ast-hfb-mobile-header-display":"","site-post-title":"disabled","ast-breadcrumbs-content":"","ast-featured-img":"","footer-sml-layout":"","ast-disable-related-posts":"","theme-transparent-header-meta":"","adv-header-id-meta":"","stick-header-meta":"","header-above-stick-meta":"","header-main-stick-meta":"","header-below-stick-meta":"","astra-migrate-meta-layouts":"default","ast-page-background-enabled":"default","ast-page-background-meta":{"desktop":{"background-color":"var(--ast-global-color-5)","background-image":"","background-repeat":"repeat","background-position":"center center","background-size":"auto","background-attachment":"scroll","background-type":"","background-media":"","overlay-type":"","overlay-color":"","overlay-opacity":"","overlay-gradient":""},"tablet":{"background-color":"","background-image":"","background-repeat":"repeat","background-position":"center center","background-size":"auto","background-attachment":"scroll","background-type":"","background-media":"","overlay-type":"","overlay-color":"","overlay-opacity":"","overlay-gradient":""},"mobile":{"background-color":"","background-image":"","background-repeat":"repeat","background-position":"center center","background-size":"auto","background-attachment":"scroll","background-type":"","background-media":"","overlay-type":"","overlay-color":"","overlay-opacity":"","overlay-gradient":""}},"ast-content-background-meta":{"desktop":{"background-color":"var(--ast-global-color-4)","background-image":"","background-repeat":"repeat","background-position":"center center","background-size":"auto","background-attachment":"scroll","background-type":"","background-media":"","overlay-type":"","overlay-color":"","overlay-opacity":"","overlay-gradient":""},"tablet":{"background-color":"var(--ast-global-color-4)","background-image":"","background-repeat":"repeat","background-position":"center center","background-size":"auto","background-attachment":"scroll","background-type":"","background-media":"","overlay-type":"","overlay-color":"","overlay-opacity":"","overlay-gradient":""},"mobile":{"background-color":"var(--ast-global-color-4)","background-image":"","background-repeat":"repeat","background-position":"center center","background-size":"auto","background-attachment":"scroll","background-type":"","background-media":"","overlay-type":"","overlay-color":"","overlay-opacity":"","overlay-gradient":""}},"_themeisle_gutenberg_block_has_review":false,"footnotes":""},"class_list":["post-716","page","type-page","status-publish","hentry"],"_links":{"self":[{"href":"http:\/\/multilingual-conflict-resolution.org\/de\/wp-json\/wp\/v2\/pages\/716","targetHints":{"allow":["GET"]}}],"collection":[{"href":"http:\/\/multilingual-conflict-resolution.org\/de\/wp-json\/wp\/v2\/pages"}],"about":[{"href":"http:\/\/multilingual-conflict-resolution.org\/de\/wp-json\/wp\/v2\/types\/page"}],"author":[{"embeddable":true,"href":"http:\/\/multilingual-conflict-resolution.org\/de\/wp-json\/wp\/v2\/users\/1"}],"replies":[{"embeddable":true,"href":"http:\/\/multilingual-conflict-resolution.org\/de\/wp-json\/wp\/v2\/comments?post=716"}],"version-history":[{"count":33,"href":"http:\/\/multilingual-conflict-resolution.org\/de\/wp-json\/wp\/v2\/pages\/716\/revisions"}],"predecessor-version":[{"id":1659,"href":"http:\/\/multilingual-conflict-resolution.org\/de\/wp-json\/wp\/v2\/pages\/716\/revisions\/1659"}],"wp:attachment":[{"href":"http:\/\/multilingual-conflict-resolution.org\/de\/wp-json\/wp\/v2\/media?parent=716"}],"curies":[{"name":"wp","href":"https:\/\/api.w.org\/{rel}","templated":true}]}}