{"id":713,"date":"2025-06-02T17:44:28","date_gmt":"2025-06-02T17:44:28","guid":{"rendered":"https:\/\/leonieharsch.de\/?page_id=713"},"modified":"2025-12-21T11:19:10","modified_gmt":"2025-12-21T11:19:10","slug":"family","status":"publish","type":"page","link":"http:\/\/multilingual-conflict-resolution.org\/de\/family\/","title":{"rendered":"Familie"},"content":{"rendered":"<div class=\"wp-block-columns alignfull animated fadeIn is-layout-flex wp-container-core-columns-is-layout-9e6f0896 wp-block-columns-is-layout-flex\" style=\"padding-top:var(--wp--preset--spacing--50);padding-right:5%;padding-bottom:var(--wp--preset--spacing--50);padding-left:5%\">\n<div class=\"wp-block-column is-layout-flow wp-block-column-is-layout-flow\" style=\"flex-basis:66.66%\">\n<h3 class=\"wp-block-heading\">Konfliktbeilegung f\u00fcr Familien<\/h3>\n<\/div>\n<\/div>\n\n\n\n<div class=\"wp-block-columns alignfull animated fadeIn is-layout-flex wp-container-core-columns-is-layout-8c5fd4f2 wp-block-columns-is-layout-flex\" style=\"margin-top:0;margin-bottom:0;padding-top:var(--wp--preset--spacing--60);padding-right:5%;padding-bottom:var(--wp--preset--spacing--60);padding-left:5%\">\n<div class=\"wp-block-column is-layout-flow wp-block-column-is-layout-flow\" style=\"flex-basis:28%\">\n<figure class=\"wp-block-image size-full is-resized\" id=\"wp-block-themeisle-blocks-image-a37e45e6\" style=\"margin-top:var(--wp--preset--spacing--40);margin-bottom:var(--wp--preset--spacing--40)\"><a href=\"https:\/\/mikk-ev.org\" target=\"_blank\" rel=\"noopener\"><img loading=\"lazy\" decoding=\"async\" width=\"945\" height=\"945\" src=\"https:\/\/multilingual-conflict-resolution.org\/wp-content\/uploads\/2025\/06\/MiKK_Stamp_Print_8x8cm.png\" alt=\"\" class=\"wp-image-877\" style=\"width:221px;height:auto\" srcset=\"https:\/\/multilingual-conflict-resolution.org\/wp-content\/uploads\/2025\/06\/MiKK_Stamp_Print_8x8cm.png 945w, https:\/\/multilingual-conflict-resolution.org\/wp-content\/uploads\/2025\/06\/MiKK_Stamp_Print_8x8cm-300x300.png 300w, https:\/\/multilingual-conflict-resolution.org\/wp-content\/uploads\/2025\/06\/MiKK_Stamp_Print_8x8cm-150x150.png 150w, https:\/\/multilingual-conflict-resolution.org\/wp-content\/uploads\/2025\/06\/MiKK_Stamp_Print_8x8cm-768x768.png 768w\" sizes=\"auto, (max-width: 945px) 100vw, 945px\" \/><\/a><\/figure>\n<\/div>\n\n\n\n<div class=\"wp-block-column is-layout-flow wp-block-column-is-layout-flow\" style=\"padding-top:0;padding-bottom:0;flex-basis:50%\">\n<p class=\"has-medium-font-size translation-block\">Ich bin als <strong>grenz\u00fcberschreitende Familienmediatorin (Cross-Border Family Mediator)<\/strong> beim <strong><a href=\"https:\/\/mikk-ev.org\/\" target=\"_blank\" rel=\"noreferrer noopener\">Internationalen Mediationszentrum f\u00fcr Familienkonflikte und Kindesentf\u00fchrung (MiKK e.V.)<\/strong> ausgebildet und gelistet und biete Mediation in F\u00e4llen von internationaler elterlicher Kindesentf\u00fchrung an.<\/p>\n\n\n\n<p class=\"has-medium-font-size\">Au\u00dferdem kann ich Sie in den folgenden Situationen unterst\u00fctzen:<\/p>\n\n\n\n<ul class=\"wp-block-list\">\n<li class=\"has-medium-font-size translation-block\"><strong>Familienmediation<\/strong>: F\u00fcr Partner:innen, Eltern und ihre Kinder, Geschwister oder andere Familienmitglieder oder Nahestehende, die ein klares und strukturiertes Gespr\u00e4ch \u00fcber einen Konflikt, wiederkehrenden Streit oder eine wichtige Entscheidung suchen.<\/li>\n<\/ul>\n\n\n\n<ul class=\"wp-block-list\">\n<li class=\"has-medium-font-size translation-block\"><strong>Erbmediation<\/strong>: F\u00fcr Familienmitglieder, die einvernehmlich \u00fcber Erbschaftsfragen entscheiden wollen, ob nach dem Verlust eines Menschen oder um Vereinbarungen f\u00fcr die Zukunft zu treffen.<\/li>\n<\/ul>\n\n\n\n<ul class=\"wp-block-list\">\n<li class=\"has-medium-font-size translation-block\"><strong>Trennungs-\/Scheidungsmediation<\/strong>: F\u00fcr Menschen, die praktische Fragen, die sich aus einer Trennung oder Scheidung ergeben, einvernehmlich kl\u00e4ren wollen; f\u00fcr V\u00e4ter und M\u00fctter, die sich dar\u00fcber verst\u00e4ndigen m\u00f6chten, wie sie gemeinsam Eltern bleiben, auch wenn sie kein Paar mehr sind, und dabei das Wohl des Kindes im Blick behalten.<\/li>\n<\/ul>\n\n\n\n<p class=\"has-medium-font-size\">Kontaktieren Sie mich gerne f\u00fcr weitere Informationen oder ein kostenloses und unverbindliches halbst\u00fcndiges Beratungsgespr\u00e4ch, um zu besprechen, wie ich Sie unterst\u00fctzen kann.<\/p>\n\n\n\n<div class=\"wp-block-buttons is-layout-flex wp-block-buttons-is-layout-flex\">\n<div class=\"wp-block-button\"><a class=\"wp-block-button__link has-medium-font-size has-custom-font-size wp-element-button\" href=\"mailto:conflict.resolution@posteo.org\" target=\"_blank\" rel=\"noreferrer noopener\">Unverbindliches Erstgespr\u00e4ch<\/a><\/div>\n<\/div>\n<\/div>\n<\/div>","protected":false},"excerpt":{"rendered":"<p>Family conflict resolution services I am trained and listed as a Cross-Border Family Mediator by the International Mediation Centre for [&hellip;]<\/p>\n","protected":false},"author":1,"featured_media":0,"parent":0,"menu_order":0,"comment_status":"closed","ping_status":"closed","template":"","meta":{"site-sidebar-layout":"default","site-content-layout":"","ast-site-content-layout":"default","site-content-style":"default","site-sidebar-style":"default","ast-global-header-display":"","ast-banner-title-visibility":"","ast-main-header-display":"","ast-hfb-above-header-display":"","ast-hfb-below-header-display":"","ast-hfb-mobile-header-display":"","site-post-title":"disabled","ast-breadcrumbs-content":"","ast-featured-img":"","footer-sml-layout":"","ast-disable-related-posts":"","theme-transparent-header-meta":"","adv-header-id-meta":"","stick-header-meta":"","header-above-stick-meta":"","header-main-stick-meta":"","header-below-stick-meta":"","astra-migrate-meta-layouts":"default","ast-page-background-enabled":"default","ast-page-background-meta":{"desktop":{"background-color":"var(--ast-global-color-5)","background-image":"","background-repeat":"repeat","background-position":"center center","background-size":"auto","background-attachment":"scroll","background-type":"","background-media":"","overlay-type":"","overlay-color":"","overlay-opacity":"","overlay-gradient":""},"tablet":{"background-color":"","background-image":"","background-repeat":"repeat","background-position":"center center","background-size":"auto","background-attachment":"scroll","background-type":"","background-media":"","overlay-type":"","overlay-color":"","overlay-opacity":"","overlay-gradient":""},"mobile":{"background-color":"","background-image":"","background-repeat":"repeat","background-position":"center center","background-size":"auto","background-attachment":"scroll","background-type":"","background-media":"","overlay-type":"","overlay-color":"","overlay-opacity":"","overlay-gradient":""}},"ast-content-background-meta":{"desktop":{"background-color":"var(--ast-global-color-4)","background-image":"","background-repeat":"repeat","background-position":"center center","background-size":"auto","background-attachment":"scroll","background-type":"","background-media":"","overlay-type":"","overlay-color":"","overlay-opacity":"","overlay-gradient":""},"tablet":{"background-color":"var(--ast-global-color-4)","background-image":"","background-repeat":"repeat","background-position":"center center","background-size":"auto","background-attachment":"scroll","background-type":"","background-media":"","overlay-type":"","overlay-color":"","overlay-opacity":"","overlay-gradient":""},"mobile":{"background-color":"var(--ast-global-color-4)","background-image":"","background-repeat":"repeat","background-position":"center center","background-size":"auto","background-attachment":"scroll","background-type":"","background-media":"","overlay-type":"","overlay-color":"","overlay-opacity":"","overlay-gradient":""}},"_themeisle_gutenberg_block_has_review":false,"footnotes":""},"class_list":["post-713","page","type-page","status-publish","hentry"],"_links":{"self":[{"href":"http:\/\/multilingual-conflict-resolution.org\/de\/wp-json\/wp\/v2\/pages\/713","targetHints":{"allow":["GET"]}}],"collection":[{"href":"http:\/\/multilingual-conflict-resolution.org\/de\/wp-json\/wp\/v2\/pages"}],"about":[{"href":"http:\/\/multilingual-conflict-resolution.org\/de\/wp-json\/wp\/v2\/types\/page"}],"author":[{"embeddable":true,"href":"http:\/\/multilingual-conflict-resolution.org\/de\/wp-json\/wp\/v2\/users\/1"}],"replies":[{"embeddable":true,"href":"http:\/\/multilingual-conflict-resolution.org\/de\/wp-json\/wp\/v2\/comments?post=713"}],"version-history":[{"count":66,"href":"http:\/\/multilingual-conflict-resolution.org\/de\/wp-json\/wp\/v2\/pages\/713\/revisions"}],"predecessor-version":[{"id":1687,"href":"http:\/\/multilingual-conflict-resolution.org\/de\/wp-json\/wp\/v2\/pages\/713\/revisions\/1687"}],"wp:attachment":[{"href":"http:\/\/multilingual-conflict-resolution.org\/de\/wp-json\/wp\/v2\/media?parent=713"}],"curies":[{"name":"wp","href":"https:\/\/api.w.org\/{rel}","templated":true}]}}